{"id":81138,"date":"2025-07-02T07:01:30","date_gmt":"2025-07-02T07:01:30","guid":{"rendered":"https:\/\/yeguadaborrego.es\/?page_id=81138"},"modified":"2025-08-26T09:58:29","modified_gmt":"2025-08-26T09:58:29","slug":"instalaciones","status":"publish","type":"page","link":"https:\/\/yeguadaborrego.es\/index.php\/instalaciones\/","title":{"rendered":"Instalaciones"},"content":{"rendered":"\t\t<div data-elementor-type=\"wp-page\" data-elementor-id=\"81138\" class=\"elementor elementor-81138\">\n\t\t\t\t<div class=\"elementor-element elementor-element-a8b692a e-flex e-con-boxed text-reveal-no e-con e-parent\" data-id=\"a8b692a\" data-element_type=\"container\">\n\t\t\t\t\t<div class=\"e-con-inner\">\n\t\t\t\t<div class=\"elementor-element elementor-element-9447824 cea-mobile-align-left elementor-widget elementor-widget-ceasectiontitle\" data-id=\"9447824\" data-element_type=\"widget\" data-widget_type=\"ceasectiontitle.default\">\n\t\t\t\t<div class=\"elementor-widget-container\">\n\t\t\t\t\t<div class=\"section-title-wrapper\"><div class=\"title-wrap\"><div class=\"sub-title\"><span class=\"subtitle-dots \" >Infraestructura<\/span><\/div><h2 class=\"section-title none\" data-animation=\"none\">Infraestructura al servicio de la raza<\/h2><\/div><!-- .title-wrap --><div class=\"section-description\"><\/div><!-- .section-description --><\/div><!-- .section-title-wrapper -->\t\t\t\t<\/div>\n\t\t\t\t<\/div>\n\t\t\t\t<div class=\"elementor-element elementor-element-93e0ee4 cea-view-default elementor-widget elementor-widget-ceafeaturebox\" data-id=\"93e0ee4\" data-element_type=\"widget\" data-widget_type=\"ceafeaturebox.default\">\n\t\t\t\t<div class=\"elementor-widget-container feature-box-wrapper feature-box-default\">\n\t\t\t<div class=\"feature-box-inner\"><div class=\"cea-featured-icon\"><\/div><div class=\"fbox-content\">En Yeguada Borrego entendemos que la excelencia gen\u00e9tica y funcional del caballo de Pura Raza Espa\u00f1ola comienza con un entorno de cr\u00eda cuidadosamente dise\u00f1ado. Por ello, nuestras instalaciones no solo cumplen con los m\u00e1s altos est\u00e1ndares del sector equino, sino que reflejan tambi\u00e9n el respeto profundo por la naturaleza, el bienestar animal y la tradici\u00f3n ganadera que nos define. <br> <br> Ubicada en plena Finca Las Yeguas, en Zalea (M\u00e1laga), nuestras infraestructuras est\u00e1n pensadas para acompa\u00f1ar el desarrollo de cada ejemplar desde su nacimiento hasta su madurez, fomentando su crecimiento en libertad, su salud f\u00edsica y su equilibro emocional.<\/div><\/div>\t\t<\/div>\n\t\t\t\t<\/div>\n\t\t\t\t\t<\/div>\n\t\t\t\t<\/div>\n\t\t<div class=\"elementor-element elementor-element-5c19a5c e-con-full e-flex text-reveal-no e-con e-parent\" data-id=\"5c19a5c\" data-element_type=\"container\">\n\t\t<div class=\"elementor-element elementor-element-4c5679f e-con-full e-flex text-reveal-no e-con e-child\" data-id=\"4c5679f\" data-element_type=\"container\">\n\t\t<div class=\"elementor-element elementor-element-4d83eaf e-flex e-con-boxed text-reveal-no e-con e-child\" data-id=\"4d83eaf\" data-element_type=\"container\" data-settings=\"{&quot;background_background&quot;:&quot;classic&quot;}\">\n\t\t\t\t\t<div class=\"e-con-inner\">\n\t\t<div class=\"elementor-element elementor-element-b89a417 e-con-full e-flex text-reveal-no e-con e-child\" data-id=\"b89a417\" data-element_type=\"container\">\n\t\t\t\t<div class=\"elementor-element elementor-element-02592e1 cea-view-default elementor-widget elementor-widget-ceafeaturebox\" data-id=\"02592e1\" data-element_type=\"widget\" data-widget_type=\"ceafeaturebox.default\">\n\t\t\t\t<div class=\"elementor-widget-container feature-box-wrapper feature-box-default\">\n\t\t\t<div class=\"feature-box-inner\"><div class=\"cea-featured-icon\"><\/div><h5 class=\"feature-box-title\">Espacios naturales dedicados a la cr\u00eda en libertad.<\/h5><div class=\"fbox-content\">Contamos con 30 hect\u00e1reas destinadas exclusivamente a la cr\u00eda en libertad, un espacio amplio, seguro y adaptado para que las yeguas y sus cr\u00edas puedan moverse, socializar y desarrollarse en un entorno natural. Esta libertad favorece la morfolog\u00eda, la resistencia y el car\u00e1cter equilibrado de nuestros potros. <\/div><\/div>\t\t<\/div>\n\t\t\t\t<\/div>\n\t\t\t\t<\/div>\n\t\t<div class=\"elementor-element elementor-element-517dfa1 e-con-full e-flex text-reveal-no e-con e-child\" data-id=\"517dfa1\" data-element_type=\"container\">\n\t\t\t\t<div class=\"elementor-element elementor-element-0c9bba1 cea-view-default elementor-widget elementor-widget-ceafeaturebox\" data-id=\"0c9bba1\" data-element_type=\"widget\" data-widget_type=\"ceafeaturebox.default\">\n\t\t\t\t<div class=\"elementor-widget-container feature-box-wrapper feature-box-default\">\n\t\t\t<div class=\"feature-box-inner\"><div class=\"cea-featured-icon\"><\/div><h5 class=\"feature-box-title\">Alimentaci\u00f3n de calidad: del campo al pesebre.<\/h5><div class=\"fbox-content\">La alimentaci\u00f3n es otro pilar fundamental en la salud de nuestros animales. Por eso, en Yeguada Borrego cultivamos nuestras propias reservas forrajeras en 300 hect\u00e1reas dedicadas a la siembra de heno de alta calidad, asegurando as\u00ed un control total sobre la dieta del ganado. Esta autosuficiencia nos permite ofrece a nuestros ejemplares un aporte nutricional \u00f3ptimo, adaptado a cada etapa de su vida y esfuerzo. <\/div><\/div>\t\t<\/div>\n\t\t\t\t<\/div>\n\t\t\t\t<\/div>\n\t\t\t\t\t<\/div>\n\t\t\t\t<\/div>\n\t\t\t\t<\/div>\n\t\t\t\t<\/div>\n\t\t<div class=\"elementor-element elementor-element-0d362dd e-flex e-con-boxed text-reveal-no e-con e-parent\" data-id=\"0d362dd\" data-element_type=\"container\" data-settings=\"{&quot;background_background&quot;:&quot;slideshow&quot;,&quot;background_slideshow_gallery&quot;:[{&quot;id&quot;:72415,&quot;url&quot;:&quot;https:\\\/\\\/yeguadaborrego.es\\\/wp-content\\\/uploads\\\/2024\\\/05\\\/sand-dust.png&quot;}],&quot;background_slideshow_loop&quot;:&quot;yes&quot;,&quot;background_slideshow_slide_duration&quot;:5000,&quot;background_slideshow_slide_transition&quot;:&quot;fade&quot;,&quot;background_slideshow_transition_duration&quot;:500}\">\n\t\t\t\t\t<div class=\"e-con-inner\">\n\t\t<div class=\"elementor-element elementor-element-bf13be7 e-con-full sticky-sidebar e-flex text-reveal-no e-con e-child\" data-id=\"bf13be7\" data-element_type=\"container\">\n\t\t\t\t<div class=\"elementor-element elementor-element-acb205d cea-mobile-align-left elementor-widget elementor-widget-ceasectiontitle\" data-id=\"acb205d\" data-element_type=\"widget\" data-widget_type=\"ceasectiontitle.default\">\n\t\t\t\t<div class=\"elementor-widget-container\">\n\t\t\t\t\t<div class=\"section-title-wrapper\"><div class=\"title-wrap\"><div class=\"sub-title\"><span class=\"subtitle-dots \" >Instalaciones<\/span><\/div><h2 class=\"section-title none\" data-animation=\"none\">Infraestructura t\u00e9cnica para el manejo y cuidado<\/h2><\/div><!-- .title-wrap --><div class=\"section-description\"><\/div><!-- .section-description --><\/div><!-- .section-title-wrapper -->\t\t\t\t<\/div>\n\t\t\t\t<\/div>\n\t\t\t\t<div class=\"elementor-element elementor-element-71eede9 cea-view-default elementor-widget elementor-widget-ceafeaturebox\" data-id=\"71eede9\" data-element_type=\"widget\" data-widget_type=\"ceafeaturebox.default\">\n\t\t\t\t<div class=\"elementor-widget-container feature-box-wrapper feature-box-default\">\n\t\t\t<div class=\"feature-box-inner\"><div class=\"cea-featured-icon\"><\/div><div class=\"fbox-content\">Nuestras instalaciones han sido dise\u00f1adas para ofrecer el mejor cuidado en cada fase del ciclo de vida y de entrenamiento de nuestros ejemplares: <\/div><\/div>\t\t<\/div>\n\t\t\t\t<\/div>\n\t\t\t\t<\/div>\n\t\t<div class=\"elementor-element elementor-element-e288bb8 e-con-full e-flex text-reveal-no e-con e-child\" data-id=\"e288bb8\" data-element_type=\"container\">\n\t\t<div class=\"elementor-element elementor-element-9c4f6c7 e-con-full e-flex text-reveal-no e-con e-child\" data-id=\"9c4f6c7\" data-element_type=\"container\">\n\t\t\t\t<div class=\"elementor-element elementor-element-5bab463 cea-view-default elementor-widget elementor-widget-ceafeaturebox\" data-id=\"5bab463\" data-element_type=\"widget\" data-widget_type=\"ceafeaturebox.default\">\n\t\t\t\t<div class=\"elementor-widget-container feature-box-wrapper feature-box-default\">\n\t\t\t<div class=\"media\"><div class=\"media-icon-part\"><div class=\"fbox-number\">5<\/div><\/div><div class=\"media-body\"><h3 class=\"feature-box-title\">Parideras<\/h3><div class=\"fbox-content\">especialmente habilitadas para garantizar la seguridad de las yeguas en el momento m\u00e1s delicado: el parto. <\/div><\/div><!-- .media-body --><\/div><!-- .media -->\t\t<\/div>\n\t\t\t\t<\/div>\n\t\t\t\t<div class=\"elementor-element elementor-element-29ab67c cea-view-default elementor-widget elementor-widget-ceafeaturebox\" data-id=\"29ab67c\" data-element_type=\"widget\" data-widget_type=\"ceafeaturebox.default\">\n\t\t\t\t<div class=\"elementor-widget-container feature-box-wrapper feature-box-default\">\n\t\t\t<div class=\"media\"><div class=\"media-icon-part\"><div class=\"fbox-number\">1<\/div><\/div><div class=\"media-body\"><h3 class=\"feature-box-title\">Nave de cr\u00eda<\/h3><div class=\"fbox-content\">donde las madres permaneces con sus potros hasta el momento del destete, en un entorno tranquilo y vigilado. <\/div><\/div><!-- .media-body --><\/div><!-- .media -->\t\t<\/div>\n\t\t\t\t<\/div>\n\t\t<div class=\"elementor-element elementor-element-903e805 e-con-full e-flex text-reveal-no e-con e-child\" data-id=\"903e805\" data-element_type=\"container\">\n\t\t\t\t<div class=\"elementor-element elementor-element-9d840a4 cea-view-default elementor-widget elementor-widget-ceafeaturebox\" data-id=\"9d840a4\" data-element_type=\"widget\" data-widget_type=\"ceafeaturebox.default\">\n\t\t\t\t<div class=\"elementor-widget-container feature-box-wrapper feature-box-default\">\n\t\t\t<div class=\"media\"><div class=\"media-icon-part\"><div class=\"fbox-number\">30<\/div><\/div><div class=\"media-body\"><h3 class=\"feature-box-title\">Boxes individuales<\/h3><div class=\"fbox-content\">amplios, ventilados y c\u00f3modos, destinados al descanso de nuestros caballos adultos, j\u00f3venes en doma o ejemplares en preparaci\u00f3n para concursos. <\/div><\/div><!-- .media-body --><\/div><!-- .media -->\t\t<\/div>\n\t\t\t\t<\/div>\n\t\t\t\t<div class=\"elementor-element elementor-element-2f943b9 cea-view-default elementor-widget elementor-widget-ceafeaturebox\" data-id=\"2f943b9\" data-element_type=\"widget\" data-widget_type=\"ceafeaturebox.default\">\n\t\t\t\t<div class=\"elementor-widget-container feature-box-wrapper feature-box-default\">\n\t\t\t<div class=\"media\"><div class=\"media-icon-part\"><div class=\"fbox-number\">1<\/div><\/div><div class=\"media-body\"><h3 class=\"feature-box-title\">Pista cubierta<\/h3><div class=\"fbox-content\">que permite el trabajo diario incluso en condiciones clim\u00e1ticas adversas, ideal para la doma y la presentaci\u00f3n de animales. <\/div><\/div><!-- .media-body --><\/div><!-- .media -->\t\t<\/div>\n\t\t\t\t<\/div>\n\t\t\t\t<div class=\"elementor-element elementor-element-c1dee04 cea-view-default elementor-widget elementor-widget-ceafeaturebox\" data-id=\"c1dee04\" data-element_type=\"widget\" data-widget_type=\"ceafeaturebox.default\">\n\t\t\t\t<div class=\"elementor-widget-container feature-box-wrapper feature-box-default\">\n\t\t\t<div class=\"media\"><div class=\"media-icon-part\"><div class=\"fbox-number\">1<\/div><\/div><div class=\"media-body\"><h3 class=\"feature-box-title\">Pista al aire libre con medidas reglamentarias oficiales<\/h3><div class=\"fbox-content\">donde se entrenan los caballos que participan en concursos de morfolog\u00eda y funcionalidad, siguiendo los est\u00e1ndares t\u00e9cnicos exigidos a nivel nacional. <\/div><\/div><!-- .media-body --><\/div><!-- .media -->\t\t<\/div>\n\t\t\t\t<\/div>\n\t\t\t\t<\/div>\n\t\t\t\t<\/div>\n\t\t\t\t<\/div>\n\t\t\t\t\t<\/div>\n\t\t\t\t<\/div>\n\t\t<div class=\"elementor-element elementor-element-adb53ec e-flex e-con-boxed text-reveal-no e-con e-parent\" data-id=\"adb53ec\" data-element_type=\"container\">\n\t\t\t\t\t<div class=\"e-con-inner\">\n\t\t<div class=\"elementor-element elementor-element-eef9699 e-con-full e-flex text-reveal-no e-con e-child\" data-id=\"eef9699\" data-element_type=\"container\">\n\t\t\t\t<div class=\"elementor-element elementor-element-53eceeb elementor-widget elementor-widget-image\" data-id=\"53eceeb\" data-element_type=\"widget\" data-widget_type=\"image.default\">\n\t\t\t\t<div class=\"elementor-widget-container\">\n\t\t\t\t\t\t\t\t\t\t\t\t\t\t\t<img fetchpriority=\"high\" decoding=\"async\" width=\"1140\" height=\"676\" src=\"https:\/\/yeguadaborrego.es\/wp-content\/uploads\/2025\/08\/WhatsApp-Image-2025-08-26-at-08.38.55-1-1170x694.jpeg\" class=\"attachment-large size-large wp-image-81333\" alt=\"\" srcset=\"https:\/\/yeguadaborrego.es\/wp-content\/uploads\/2025\/08\/WhatsApp-Image-2025-08-26-at-08.38.55-1-1170x694.jpeg 1170w, https:\/\/yeguadaborrego.es\/wp-content\/uploads\/2025\/08\/WhatsApp-Image-2025-08-26-at-08.38.55-1-768x456.jpeg 768w\" sizes=\"(max-width: 1140px) 100vw, 1140px\" \/>\t\t\t\t\t\t\t\t\t\t\t\t\t\t\t<\/div>\n\t\t\t\t<\/div>\n\t\t\t\t<\/div>\n\t\t<div class=\"elementor-element elementor-element-28b34ef e-con-full e-flex text-reveal-no e-con e-child\" data-id=\"28b34ef\" data-element_type=\"container\">\n\t\t\t\t<div class=\"elementor-element elementor-element-7b5fa1f elementor-widget elementor-widget-image\" data-id=\"7b5fa1f\" data-element_type=\"widget\" data-widget_type=\"image.default\">\n\t\t\t\t<div class=\"elementor-widget-container\">\n\t\t\t\t\t\t\t\t\t\t\t\t\t\t\t<img decoding=\"async\" width=\"1140\" height=\"676\" src=\"https:\/\/yeguadaborrego.es\/wp-content\/uploads\/2025\/08\/WhatsApp-Image-2025-08-26-at-11.56.43-1-1170x694.jpeg\" class=\"attachment-large size-large wp-image-81340\" alt=\"\" srcset=\"https:\/\/yeguadaborrego.es\/wp-content\/uploads\/2025\/08\/WhatsApp-Image-2025-08-26-at-11.56.43-1-1170x694.jpeg 1170w, https:\/\/yeguadaborrego.es\/wp-content\/uploads\/2025\/08\/WhatsApp-Image-2025-08-26-at-11.56.43-1-768x456.jpeg 768w\" sizes=\"(max-width: 1140px) 100vw, 1140px\" \/>\t\t\t\t\t\t\t\t\t\t\t\t\t\t\t<\/div>\n\t\t\t\t<\/div>\n\t\t\t\t<\/div>\n\t\t<div class=\"elementor-element elementor-element-c643901 e-con-full e-flex text-reveal-no e-con e-child\" data-id=\"c643901\" data-element_type=\"container\">\n\t\t\t\t<div class=\"elementor-element elementor-element-664bfb7 elementor-widget elementor-widget-image\" data-id=\"664bfb7\" data-element_type=\"widget\" data-widget_type=\"image.default\">\n\t\t\t\t<div class=\"elementor-widget-container\">\n\t\t\t\t\t\t\t\t\t\t\t\t\t\t\t<img decoding=\"async\" width=\"1140\" height=\"676\" src=\"https:\/\/yeguadaborrego.es\/wp-content\/uploads\/2025\/08\/WhatsApp-Image-2025-08-26-at-08.38.55-3-1170x694.jpeg\" class=\"attachment-large size-large wp-image-81336\" alt=\"\" srcset=\"https:\/\/yeguadaborrego.es\/wp-content\/uploads\/2025\/08\/WhatsApp-Image-2025-08-26-at-08.38.55-3-1170x694.jpeg 1170w, https:\/\/yeguadaborrego.es\/wp-content\/uploads\/2025\/08\/WhatsApp-Image-2025-08-26-at-08.38.55-3-768x456.jpeg 768w\" sizes=\"(max-width: 1140px) 100vw, 1140px\" \/>\t\t\t\t\t\t\t\t\t\t\t\t\t\t\t<\/div>\n\t\t\t\t<\/div>\n\t\t\t\t<\/div>\n\t\t\t\t\t<\/div>\n\t\t\t\t<\/div>\n\t\t<div class=\"elementor-element elementor-element-69e1411 e-flex e-con-boxed text-reveal-no e-con e-parent\" data-id=\"69e1411\" data-element_type=\"container\">\n\t\t\t\t\t<div class=\"e-con-inner\">\n\t\t<div class=\"elementor-element elementor-element-6761cc4 e-con-full e-flex text-reveal-no e-con e-child\" data-id=\"6761cc4\" data-element_type=\"container\">\n\t\t\t\t<div class=\"elementor-element elementor-element-57f106c cea-view-default elementor-widget elementor-widget-ceafeaturebox\" data-id=\"57f106c\" data-element_type=\"widget\" data-widget_type=\"ceafeaturebox.default\">\n\t\t\t\t<div class=\"elementor-widget-container feature-box-wrapper feature-box-default\">\n\t\t\t<div class=\"feature-box-inner\"><div class=\"cea-featured-icon\"><\/div><h5 class=\"feature-box-title\">Un entorno pensado para el bienestar y la excelencia<\/h5><div class=\"fbox-content\">Cada rinc\u00f3n de nuestras instalaciones refleja una misma filosof\u00eda: criar caballos de Pura Raza Espa\u00f1ola con dedicaci\u00f3n, conocimiento y respeto por sus tiempos naturales. Apostamos por una crianza que combina la tradici\u00f3n ganadera familiar con criterios t\u00e9cnicos rigurosos, sostenibilidad y pasi\u00f3n por la raza. <\/div><\/div>\t\t<\/div>\n\t\t\t\t<\/div>\n\t\t\t\t<\/div>\n\t\t<div class=\"elementor-element elementor-element-7a6a8e4 e-con-full e-flex text-reveal-no e-con e-child\" data-id=\"7a6a8e4\" data-element_type=\"container\">\n\t\t\t\t<div class=\"elementor-element elementor-element-88af2c4 elementor-widget elementor-widget-image\" data-id=\"88af2c4\" data-element_type=\"widget\" data-widget_type=\"image.default\">\n\t\t\t\t<div class=\"elementor-widget-container\">\n\t\t\t\t\t\t\t\t\t\t\t\t\t\t\t<img loading=\"lazy\" decoding=\"async\" width=\"301\" height=\"141\" src=\"https:\/\/yeguadaborrego.es\/wp-content\/uploads\/2025\/07\/Mesa-de-trabajo-2logos-borrego.webp\" class=\"attachment-full size-full wp-image-81167\" alt=\"\" \/>\t\t\t\t\t\t\t\t\t\t\t\t\t\t\t<\/div>\n\t\t\t\t<\/div>\n\t\t\t\t<\/div>\n\t\t\t\t\t<\/div>\n\t\t\t\t<\/div>\n\t\t\t\t<\/div>\n\t\t","protected":false},"excerpt":{"rendered":"<p>Infraestructura Infraestructura al servicio de la raza En Yeguada Borrego entendemos que la excelencia gen\u00e9tica y funcional del caballo de Pura Raza Espa\u00f1ola comienza con un entorno..<\/p>\n","protected":false},"author":1,"featured_media":0,"parent":0,"menu_order":0,"comment_status":"closed","ping_status":"closed","template":"","meta":{"footnotes":""},"class_list":["post-81138","page","type-page","status-publish","hentry"],"_links":{"self":[{"href":"https:\/\/yeguadaborrego.es\/index.php\/wp-json\/wp\/v2\/pages\/81138","targetHints":{"allow":["GET"]}}],"collection":[{"href":"https:\/\/yeguadaborrego.es\/index.php\/wp-json\/wp\/v2\/pages"}],"about":[{"href":"https:\/\/yeguadaborrego.es\/index.php\/wp-json\/wp\/v2\/types\/page"}],"author":[{"embeddable":true,"href":"https:\/\/yeguadaborrego.es\/index.php\/wp-json\/wp\/v2\/users\/1"}],"replies":[{"embeddable":true,"href":"https:\/\/yeguadaborrego.es\/index.php\/wp-json\/wp\/v2\/comments?post=81138"}],"version-history":[{"count":19,"href":"https:\/\/yeguadaborrego.es\/index.php\/wp-json\/wp\/v2\/pages\/81138\/revisions"}],"predecessor-version":[{"id":81343,"href":"https:\/\/yeguadaborrego.es\/index.php\/wp-json\/wp\/v2\/pages\/81138\/revisions\/81343"}],"wp:attachment":[{"href":"https:\/\/yeguadaborrego.es\/index.php\/wp-json\/wp\/v2\/media?parent=81138"}],"curies":[{"name":"wp","href":"https:\/\/api.w.org\/{rel}","templated":true}]}}