{"id":81129,"date":"2025-07-01T12:51:52","date_gmt":"2025-07-01T12:51:52","guid":{"rendered":"https:\/\/yeguadaborrego.es\/?page_id=81129"},"modified":"2025-08-26T09:44:56","modified_gmt":"2025-08-26T09:44:56","slug":"historia","status":"publish","type":"page","link":"https:\/\/yeguadaborrego.es\/index.php\/historia\/","title":{"rendered":"Historia"},"content":{"rendered":"\t\t<div data-elementor-type=\"wp-page\" data-elementor-id=\"81129\" class=\"elementor elementor-81129\">\n\t\t\t\t<div class=\"elementor-element elementor-element-a8b692a e-flex e-con-boxed text-reveal-no e-con e-parent\" data-id=\"a8b692a\" data-element_type=\"container\">\n\t\t\t\t\t<div class=\"e-con-inner\">\n\t\t\t\t<div class=\"elementor-element elementor-element-9447824 cea-mobile-align-left elementor-widget elementor-widget-ceasectiontitle\" data-id=\"9447824\" data-element_type=\"widget\" data-widget_type=\"ceasectiontitle.default\">\n\t\t\t\t<div class=\"elementor-widget-container\">\n\t\t\t\t\t<div class=\"section-title-wrapper\"><div class=\"title-wrap\"><div class=\"sub-title\"><span class=\"subtitle-dots \" >Sobre nosotros<\/span><\/div><h2 class=\"section-title none\" data-animation=\"none\">Una historia de pasi\u00f3n y pureza<\/h2><\/div><!-- .title-wrap --><div class=\"section-description\"><\/div><!-- .section-description --><\/div><!-- .section-title-wrapper -->\t\t\t\t<\/div>\n\t\t\t\t<\/div>\n\t\t\t\t<div class=\"elementor-element elementor-element-93e0ee4 cea-view-default elementor-widget elementor-widget-ceafeaturebox\" data-id=\"93e0ee4\" data-element_type=\"widget\" data-widget_type=\"ceafeaturebox.default\">\n\t\t\t\t<div class=\"elementor-widget-container feature-box-wrapper feature-box-default\">\n\t\t\t<div class=\"feature-box-inner\"><div class=\"cea-featured-icon\"><\/div><h5 class=\"feature-box-title\">Origen familiar y amor por el caballo Pura Raza<\/h5><div class=\"fbox-content\">Yeguada Borrego nace del sue\u00f1o de Iv\u00e1n Borrego, cuya pasi\u00f3n por el caballo Pura Raza Espa\u00f1ol comenz\u00f3 desde ni\u00f1o. En 2015, adquiri\u00f3 a Duque, su primer ejemplar, un imponente casta\u00f1o que se convirti\u00f3 en el s\u00edmbolo del proyecto. La ilusi\u00f3n de criar caballos de un solo pelo -todos casta\u00f1os- fue creciendo hasta convertirse en una aut\u00e9ntica vocaci\u00f3n familiar.\u00a0<\/div><\/div>\t\t<\/div>\n\t\t\t\t<\/div>\n\t\t\t\t\t<\/div>\n\t\t\t\t<\/div>\n\t\t<div class=\"elementor-element elementor-element-69e1411 e-flex e-con-boxed text-reveal-no e-con e-parent\" data-id=\"69e1411\" data-element_type=\"container\">\n\t\t\t\t\t<div class=\"e-con-inner\">\n\t\t<div class=\"elementor-element elementor-element-6761cc4 e-con-full e-flex text-reveal-no e-con e-child\" data-id=\"6761cc4\" data-element_type=\"container\">\n\t\t\t\t<div class=\"elementor-element elementor-element-57f106c cea-view-default elementor-widget elementor-widget-ceafeaturebox\" data-id=\"57f106c\" data-element_type=\"widget\" data-widget_type=\"ceafeaturebox.default\">\n\t\t\t\t<div class=\"elementor-widget-container feature-box-wrapper feature-box-default\">\n\t\t\t<div class=\"feature-box-inner\"><div class=\"cea-featured-icon\"><\/div><h5 class=\"feature-box-title\">De Los Cerrajones a Finca Las Yeguas<\/h5><div class=\"fbox-content\">El origen de la yeguada est\u00e1 ligado a la finca de sus padres, en \u00c1lora, donde pas\u00f3 de tener un solo caballo a cuidar seis en apenas dos a\u00f1os. Con el tiempo, la familia adquiri\u00f3 la Finca Las Yeguas, un enclave que parec\u00eda hecho a medida: ya contaba con instalaciones para ganado equino y un entorno natural privilegiado. Curiosamente, el nombre coincid\u00eda con la afici\u00f3n del nuevo propietario, cerrando el c\u00edrculo perfecto. <\/div><\/div>\t\t<\/div>\n\t\t\t\t<\/div>\n\t\t\t\t<\/div>\n\t\t<div class=\"elementor-element elementor-element-7a6a8e4 e-con-full e-flex text-reveal-no e-con e-child\" data-id=\"7a6a8e4\" data-element_type=\"container\">\n\t\t\t\t<div class=\"elementor-element elementor-element-88af2c4 elementor-widget elementor-widget-image\" data-id=\"88af2c4\" data-element_type=\"widget\" data-widget_type=\"image.default\">\n\t\t\t\t<div class=\"elementor-widget-container\">\n\t\t\t\t\t\t\t\t\t\t\t\t\t\t\t<img fetchpriority=\"high\" decoding=\"async\" width=\"1140\" height=\"676\" src=\"https:\/\/yeguadaborrego.es\/wp-content\/uploads\/2025\/08\/WhatsApp-Image-2025-08-26-at-08.38.54-3-1-1170x694.jpeg\" class=\"attachment-large size-large wp-image-81326\" alt=\"\" srcset=\"https:\/\/yeguadaborrego.es\/wp-content\/uploads\/2025\/08\/WhatsApp-Image-2025-08-26-at-08.38.54-3-1-1170x694.jpeg 1170w, https:\/\/yeguadaborrego.es\/wp-content\/uploads\/2025\/08\/WhatsApp-Image-2025-08-26-at-08.38.54-3-1-768x456.jpeg 768w\" sizes=\"(max-width: 1140px) 100vw, 1140px\" \/>\t\t\t\t\t\t\t\t\t\t\t\t\t\t\t<\/div>\n\t\t\t\t<\/div>\n\t\t\t\t<\/div>\n\t\t\t\t\t<\/div>\n\t\t\t\t<\/div>\n\t\t<div class=\"elementor-element elementor-element-5c19a5c e-con-full e-flex text-reveal-no e-con e-parent\" data-id=\"5c19a5c\" data-element_type=\"container\">\n\t\t<div class=\"elementor-element elementor-element-4c5679f e-con-full e-flex text-reveal-no e-con e-child\" data-id=\"4c5679f\" data-element_type=\"container\">\n\t\t<div class=\"elementor-element elementor-element-4d83eaf e-flex e-con-boxed text-reveal-no e-con e-child\" data-id=\"4d83eaf\" data-element_type=\"container\" data-settings=\"{&quot;background_background&quot;:&quot;classic&quot;}\">\n\t\t\t\t\t<div class=\"e-con-inner\">\n\t\t<div class=\"elementor-element elementor-element-b89a417 e-con-full e-flex text-reveal-no e-con e-child\" data-id=\"b89a417\" data-element_type=\"container\">\n\t\t\t\t<div class=\"elementor-element elementor-element-02592e1 cea-view-default elementor-widget elementor-widget-ceafeaturebox\" data-id=\"02592e1\" data-element_type=\"widget\" data-widget_type=\"ceafeaturebox.default\">\n\t\t\t\t<div class=\"elementor-widget-container feature-box-wrapper feature-box-default\">\n\t\t\t<div class=\"feature-box-inner\"><div class=\"cea-featured-icon\"><\/div><h5 class=\"feature-box-title\">Un lugar con historia<\/h5><div class=\"fbox-content\">La Finca Las Yeguas, ubicada en Zalea (M\u00e1laga), fue anteriormente propiedad del pintor estadounidense Gino Hollander, figura destacada del expresionismo abstracto. Hollander convirti\u00f3 la finca en un museo viviente, repleto de obras, piezas arqueol\u00f3gicas y objetos tradicionales. Hoy, ese legado art\u00edstico y rural sigue vivo en cada rinc\u00f3n. <\/div><\/div>\t\t<\/div>\n\t\t\t\t<\/div>\n\t\t\t\t<\/div>\n\t\t<div class=\"elementor-element elementor-element-517dfa1 e-con-full e-flex text-reveal-no e-con e-child\" data-id=\"517dfa1\" data-element_type=\"container\">\n\t\t\t\t<div class=\"elementor-element elementor-element-0c9bba1 cea-view-default elementor-widget elementor-widget-ceafeaturebox\" data-id=\"0c9bba1\" data-element_type=\"widget\" data-widget_type=\"ceafeaturebox.default\">\n\t\t\t\t<div class=\"elementor-widget-container feature-box-wrapper feature-box-default\">\n\t\t\t<div class=\"feature-box-inner\"><div class=\"cea-featured-icon\"><\/div><div class=\"fbox-content\">En Yeguada Borrego criamos exclusivamente caballos Pura Raza Espa\u00f1ol de capa casta\u00f1a. Buscamos la excelencia morfol\u00f3gica y funcional, seleccionando cuidadosamente nuestros ejemplares para participar en los principales concursos nacionales. La perfecci\u00f3n gen\u00e9tica es nuestro objetivo, y el respeto por la tradici\u00f3n, nuestra gu\u00eda. <\/div><\/div>\t\t<\/div>\n\t\t\t\t<\/div>\n\t\t\t\t<\/div>\n\t\t\t\t\t<\/div>\n\t\t\t\t<\/div>\n\t\t\t\t<\/div>\n\t\t\t\t<\/div>\n\t\t<div class=\"elementor-element elementor-element-35a2a76 e-flex e-con-boxed text-reveal-no e-con e-parent\" data-id=\"35a2a76\" data-element_type=\"container\">\n\t\t\t\t\t<div class=\"e-con-inner\">\n\t\t<div class=\"elementor-element elementor-element-2835d63 e-con-full e-flex text-reveal-no e-con e-child\" data-id=\"2835d63\" data-element_type=\"container\">\n\t\t\t\t<div class=\"elementor-element elementor-element-f5626e2 elementor-widget elementor-widget-image\" data-id=\"f5626e2\" data-element_type=\"widget\" data-widget_type=\"image.default\">\n\t\t\t\t<div class=\"elementor-widget-container\">\n\t\t\t\t\t\t\t\t\t\t\t\t\t\t\t<img decoding=\"async\" width=\"1140\" height=\"676\" src=\"https:\/\/yeguadaborrego.es\/wp-content\/uploads\/2025\/08\/WhatsApp-Image-2025-08-26-at-08.38.54-4-1-1170x694.jpeg\" class=\"attachment-large size-large wp-image-81329\" alt=\"\" srcset=\"https:\/\/yeguadaborrego.es\/wp-content\/uploads\/2025\/08\/WhatsApp-Image-2025-08-26-at-08.38.54-4-1-1170x694.jpeg 1170w, https:\/\/yeguadaborrego.es\/wp-content\/uploads\/2025\/08\/WhatsApp-Image-2025-08-26-at-08.38.54-4-1-768x456.jpeg 768w\" sizes=\"(max-width: 1140px) 100vw, 1140px\" \/>\t\t\t\t\t\t\t\t\t\t\t\t\t\t\t<\/div>\n\t\t\t\t<\/div>\n\t\t\t\t<\/div>\n\t\t<div class=\"elementor-element elementor-element-57c1a9e e-con-full e-flex text-reveal-no e-con e-child\" data-id=\"57c1a9e\" data-element_type=\"container\">\n\t\t\t\t<div class=\"elementor-element elementor-element-3f00fb8 cea-view-default elementor-widget elementor-widget-ceafeaturebox\" data-id=\"3f00fb8\" data-element_type=\"widget\" data-widget_type=\"ceafeaturebox.default\">\n\t\t\t\t<div class=\"elementor-widget-container feature-box-wrapper feature-box-default\">\n\t\t\t<div class=\"feature-box-inner\"><div class=\"cea-featured-icon\"><\/div><h5 class=\"feature-box-title\">Concursos y reconocimientos<\/h5><div class=\"fbox-content\">Nuestros ejemplares han sido galardonados en diversos cert\u00e1menes, como el caso de una de nuestras yeguas que fue Campeona de Campeonas en Villamart\u00edn (Sevilla). Participamos activamente en concursos morfol\u00f3gicas y de funcionalidad, donde se eval\u00faan tanto la belleza como la capacidad atl\u00e9tica del caballo. <\/div><\/div>\t\t<\/div>\n\t\t\t\t<\/div>\n\t\t\t\t<\/div>\n\t\t\t\t\t<\/div>\n\t\t\t\t<\/div>\n\t\t<div class=\"elementor-element elementor-element-3249e5f e-flex e-con-boxed text-reveal-no e-con e-parent\" data-id=\"3249e5f\" data-element_type=\"container\">\n\t\t\t\t\t<div class=\"e-con-inner\">\n\t\t\t\t<div class=\"elementor-element elementor-element-f6ce87b cea-view-default elementor-widget elementor-widget-ceafeaturebox\" data-id=\"f6ce87b\" data-element_type=\"widget\" data-widget_type=\"ceafeaturebox.default\">\n\t\t\t\t<div class=\"elementor-widget-container feature-box-wrapper feature-box-default\">\n\t\t\t<div class=\"feature-box-inner\"><div class=\"cea-featured-icon\"><\/div><h5 class=\"feature-box-title\">Filosof\u00eda de cr\u00eda y selecci\u00f3n<\/h5><div class=\"fbox-content\">Hoy, Yeguada Borrego cuenta con m\u00e1s de 60 ejemplares, entre yeguas madre, potros y sementales. La afici\u00f3n se ha extendido a hijos, sobrinos y ni\u00f1os de la zona, que viven el d\u00eda a d\u00eda de la ganader\u00eda como parte de su formaci\u00f3n y v\u00ednculo con el campo. El futuro se construye desde la base: con gen\u00e9tica de calidad, instalaciones de primer nivel y un equipo humano comprometido. <\/div><\/div>\t\t<\/div>\n\t\t\t\t<\/div>\n\t\t\t\t\t<\/div>\n\t\t\t\t<\/div>\n\t\t\t\t<\/div>\n\t\t","protected":false},"excerpt":{"rendered":"<p>Sobre nosotros Una historia de pasi\u00f3n y pureza Origen familiar y amor por el caballo Pura Raza Yeguada Borrego nace del sue\u00f1o de Iv\u00e1n Borrego, cuya pasi\u00f3n..<\/p>\n","protected":false},"author":1,"featured_media":0,"parent":0,"menu_order":0,"comment_status":"closed","ping_status":"closed","template":"","meta":{"footnotes":""},"class_list":["post-81129","page","type-page","status-publish","hentry"],"_links":{"self":[{"href":"https:\/\/yeguadaborrego.es\/index.php\/wp-json\/wp\/v2\/pages\/81129","targetHints":{"allow":["GET"]}}],"collection":[{"href":"https:\/\/yeguadaborrego.es\/index.php\/wp-json\/wp\/v2\/pages"}],"about":[{"href":"https:\/\/yeguadaborrego.es\/index.php\/wp-json\/wp\/v2\/types\/page"}],"author":[{"embeddable":true,"href":"https:\/\/yeguadaborrego.es\/index.php\/wp-json\/wp\/v2\/users\/1"}],"replies":[{"embeddable":true,"href":"https:\/\/yeguadaborrego.es\/index.php\/wp-json\/wp\/v2\/comments?post=81129"}],"version-history":[{"count":19,"href":"https:\/\/yeguadaborrego.es\/index.php\/wp-json\/wp\/v2\/pages\/81129\/revisions"}],"predecessor-version":[{"id":81332,"href":"https:\/\/yeguadaborrego.es\/index.php\/wp-json\/wp\/v2\/pages\/81129\/revisions\/81332"}],"wp:attachment":[{"href":"https:\/\/yeguadaborrego.es\/index.php\/wp-json\/wp\/v2\/media?parent=81129"}],"curies":[{"name":"wp","href":"https:\/\/api.w.org\/{rel}","templated":true}]}}