{"id":79940,"date":"2024-07-25T10:19:00","date_gmt":"2024-07-25T10:19:00","guid":{"rendered":"https:\/\/wordpress.zozothemes.com\/cheval\/?page_id=79940"},"modified":"2025-07-03T10:19:12","modified_gmt":"2025-07-03T10:19:12","slug":"contacto","status":"publish","type":"page","link":"https:\/\/yeguadaborrego.es\/index.php\/contacto\/","title":{"rendered":"Contacto"},"content":{"rendered":"\t\t<div data-elementor-type=\"wp-page\" data-elementor-id=\"79940\" class=\"elementor elementor-79940\">\n\t\t\t\t<div class=\"elementor-element elementor-element-3feb6e25 e-con-full e-flex text-reveal-no e-con e-parent\" data-id=\"3feb6e25\" data-element_type=\"container\">\n\t\t<div class=\"elementor-element elementor-element-e96583 e-con-full e-flex text-reveal-no e-con e-child\" data-id=\"e96583\" data-element_type=\"container\">\n\t\t\t\t<div class=\"elementor-element elementor-element-76eab03a elementor-widget elementor-widget-google_maps\" data-id=\"76eab03a\" data-element_type=\"widget\" data-widget_type=\"google_maps.default\">\n\t\t\t\t<div class=\"elementor-widget-container\">\n\t\t\t\t\t\t\t<div class=\"elementor-custom-embed\">\n\t\t\t<iframe loading=\"lazy\"\n\t\t\t\t\tsrc=\"https:\/\/maps.google.com\/maps?q=36%C2%B046%2726.7%22N%204%C2%B045%2722.0%22W&#038;t=m&#038;z=12&#038;output=embed&#038;iwloc=near\"\n\t\t\t\t\ttitle=\"36\u00b046&#039;26.7&quot;N 4\u00b045&#039;22.0&quot;W\"\n\t\t\t\t\taria-label=\"36\u00b046&#039;26.7&quot;N 4\u00b045&#039;22.0&quot;W\"\n\t\t\t><\/iframe>\n\t\t<\/div>\n\t\t\t\t\t\t<\/div>\n\t\t\t\t<\/div>\n\t\t\t\t<\/div>\n\t\t\t\t<\/div>\n\t\t<div class=\"elementor-element elementor-element-13ea7ef0 e-flex e-con-boxed text-reveal-no e-con e-parent\" data-id=\"13ea7ef0\" data-element_type=\"container\">\n\t\t\t\t\t<div class=\"e-con-inner\">\n\t\t<div class=\"elementor-element elementor-element-45541f52 e-flex e-con-boxed text-reveal-no e-con e-child\" data-id=\"45541f52\" data-element_type=\"container\" data-settings=\"{&quot;background_background&quot;:&quot;classic&quot;}\">\n\t\t\t\t\t<div class=\"e-con-inner\">\n\t\t<div class=\"elementor-element elementor-element-71eb29b3 e-flex e-con-boxed text-reveal-no e-con e-child\" data-id=\"71eb29b3\" data-element_type=\"container\">\n\t\t\t\t\t<div class=\"e-con-inner\">\n\t\t\t\t<div class=\"elementor-element elementor-element-5ed934dc elementor-widget elementor-widget-ceasectiontitle\" data-id=\"5ed934dc\" data-element_type=\"widget\" data-widget_type=\"ceasectiontitle.default\">\n\t\t\t\t<div class=\"elementor-widget-container\">\n\t\t\t\t\t<div class=\"section-title-wrapper\"><div class=\"title-wrap\"><div class=\"sub-title\"><span class=\"subtitle-dots \" >Cont\u00e1ctanos<\/span><\/div><h3 class=\"section-title none\" data-animation=\"none\">Informaci\u00f3n de Contacto<\/h3><\/div><!-- .title-wrap --><div class=\"section-description\"><\/div><!-- .section-description --><\/div><!-- .section-title-wrapper -->\t\t\t\t<\/div>\n\t\t\t\t<\/div>\n\t\t<div class=\"elementor-element elementor-element-3c588587 e-flex e-con-boxed text-reveal-no e-con e-child\" data-id=\"3c588587\" data-element_type=\"container\">\n\t\t\t\t\t<div class=\"e-con-inner\">\n\t\t\t\t<div class=\"elementor-element elementor-element-2015a762 elementor-widget elementor-widget-text-editor\" data-id=\"2015a762\" data-element_type=\"widget\" data-widget_type=\"text-editor.default\">\n\t\t\t\t<div class=\"elementor-widget-container\">\n\t\t\t\t\t\t\t\t\t<p>Si deseas m\u00e1s informaci\u00f3n sobre nuestros ejemplares, servicios o colaboraciones, estaremos encantados de atenderte.\u00a0<\/p>\t\t\t\t\t\t\t\t<\/div>\n\t\t\t\t<\/div>\n\t\t\t\t\t<\/div>\n\t\t\t\t<\/div>\n\t\t<div class=\"elementor-element elementor-element-3c33560d e-con-full e-flex text-reveal-no e-con e-child\" data-id=\"3c33560d\" data-element_type=\"container\">\n\t\t<div class=\"elementor-element elementor-element-50dac67a e-con-full e-flex text-reveal-no e-con e-child\" data-id=\"50dac67a\" data-element_type=\"container\">\n\t\t\t\t<div class=\"elementor-element elementor-element-310d710b bg-box cea-view-default elementor-widget elementor-widget-ceafeaturebox\" data-id=\"310d710b\" data-element_type=\"widget\" data-widget_type=\"ceafeaturebox.default\">\n\t\t\t\t<div class=\"elementor-widget-container feature-box-wrapper feature-box-default\">\n\t\t\t<div class=\"media\"><div class=\"media-icon-part\"><div class=\"cea-featured-icon\"><i aria-hidden=\"true\" class=\" bi-envelope-open\"><\/i><\/div><\/div><div class=\"media-body\"><h4 class=\"feature-box-title\">E-Mail<\/h4><div class=\"fbox-content\"><a href=\"mailto:support@cheval.com\">support@cheval.com<\/a>\n<br>\n<a href=\"mailto:info@cheval.com\">info@cheval.com<\/a><\/div><\/div><!-- .media-body --><\/div><!-- .media -->\t\t<\/div>\n\t\t\t\t<\/div>\n\t\t\t\t<\/div>\n\t\t<div class=\"elementor-element elementor-element-7ee1546 e-con-full e-flex text-reveal-no e-con e-child\" data-id=\"7ee1546\" data-element_type=\"container\">\n\t\t\t\t<div class=\"elementor-element elementor-element-45de5f76 bg-box cea-view-default elementor-widget elementor-widget-ceafeaturebox\" data-id=\"45de5f76\" data-element_type=\"widget\" data-widget_type=\"ceafeaturebox.default\">\n\t\t\t\t<div class=\"elementor-widget-container feature-box-wrapper feature-box-default\">\n\t\t\t<div class=\"media\"><div class=\"media-icon-part\"><div class=\"cea-featured-icon\"><i aria-hidden=\"true\" class=\" bi-geo-alt\"><\/i><\/div><\/div><div class=\"media-body align-self-center\"><h4 class=\"feature-box-title\">Ubicaci\u00f3n<\/h4><div class=\"fbox-content\">Finca Las Yeguas, Canal Principal de la Margen, Derecha, 29569 Zalea, M\u00e1laga<\/div><\/div><!-- .media-body --><\/div><!-- .media -->\t\t<\/div>\n\t\t\t\t<\/div>\n\t\t\t\t<\/div>\n\t\t\t\t<\/div>\n\t\t<div class=\"elementor-element elementor-element-6094eab9 e-con-full e-flex text-reveal-no e-con e-child\" data-id=\"6094eab9\" data-element_type=\"container\" data-settings=\"{&quot;background_background&quot;:&quot;classic&quot;}\">\n\t\t<div class=\"elementor-element elementor-element-3651e45a e-con-full e-flex text-reveal-no e-con e-child\" data-id=\"3651e45a\" data-element_type=\"container\">\n\t\t\t\t<div class=\"elementor-element elementor-element-570b7d4b elementor-widget elementor-widget-image\" data-id=\"570b7d4b\" data-element_type=\"widget\" data-widget_type=\"image.default\">\n\t\t\t\t<div class=\"elementor-widget-container\">\n\t\t\t\t\t\t\t\t\t\t\t\t\t\t\t<img fetchpriority=\"high\" decoding=\"async\" width=\"800\" height=\"700\" src=\"https:\/\/yeguadaborrego.es\/wp-content\/uploads\/2024\/05\/about-img2-1.jpg\" class=\"attachment-full size-full wp-image-67316\" alt=\"\" srcset=\"https:\/\/yeguadaborrego.es\/wp-content\/uploads\/2024\/05\/about-img2-1.jpg 800w, https:\/\/yeguadaborrego.es\/wp-content\/uploads\/2024\/05\/about-img2-1-600x525.jpg 600w\" sizes=\"(max-width: 800px) 100vw, 800px\" \/>\t\t\t\t\t\t\t\t\t\t\t\t\t\t\t<\/div>\n\t\t\t\t<\/div>\n\t\t\t\t<\/div>\n\t\t<div class=\"elementor-element elementor-element-3b3f5804 e-con-full e-flex text-reveal-no e-con e-child\" data-id=\"3b3f5804\" data-element_type=\"container\">\n\t\t\t\t<div class=\"elementor-element elementor-element-359de7d2 bg-box cea-view-stacked cea-shape-circle elementor-widget elementor-widget-ceafeaturebox\" data-id=\"359de7d2\" data-element_type=\"widget\" data-widget_type=\"ceafeaturebox.default\">\n\t\t\t\t<div class=\"elementor-widget-container feature-box-wrapper feature-box-default\">\n\t\t\t<div class=\"media\"><div class=\"media-icon-part align-self-center\"><div class=\"cea-featured-icon\"><i aria-hidden=\"true\" class=\"ti ti-headphone-alt\"><\/i><\/div><\/div><div class=\"media-body align-self-center\"><h6 class=\"feature-box-title\">Ll\u00e1manos gratis al<\/h6><div class=\"fbox-content\"><a href=\"tel:(34)692 961 508\">+(34)692 961 508 <\/a><\/div><\/div><!-- .media-body --><\/div><!-- .media -->\t\t<\/div>\n\t\t\t\t<\/div>\n\t\t\t\t<\/div>\n\t\t\t\t<\/div>\n\t\t\t\t\t<\/div>\n\t\t\t\t<\/div>\n\t\t<div class=\"elementor-element elementor-element-5f3a3ac8 e-con-full e-flex text-reveal-no e-con e-child\" data-id=\"5f3a3ac8\" data-element_type=\"container\" data-settings=\"{&quot;background_background&quot;:&quot;classic&quot;}\">\n\t\t\t\t<div class=\"elementor-element elementor-element-30f87a17 cea-tablet-align-center cea-align-center elementor-widget elementor-widget-ceasectiontitle\" data-id=\"30f87a17\" data-element_type=\"widget\" data-widget_type=\"ceasectiontitle.default\">\n\t\t\t\t<div class=\"elementor-widget-container\">\n\t\t\t\t\t<div class=\"section-title-wrapper\"><div class=\"title-wrap\"><h3 class=\"section-title none\" data-animation=\"none\">Env\u00edanos un mensaje<\/h3><\/div><!-- .title-wrap --><div class=\"section-description\"><\/div><!-- .section-description --><\/div><!-- .section-title-wrapper -->\t\t\t\t<\/div>\n\t\t\t\t<\/div>\n\t\t\t\t<div class=\"elementor-element elementor-element-3fe1010f elementor-widget elementor-widget-contactform\" data-id=\"3fe1010f\" data-element_type=\"widget\" data-widget_type=\"contactform.default\">\n\t\t\t\t<div class=\"elementor-widget-container\">\n\t\t\t\t\t<div class=\"contact-form-wrapper cf-style-classic\"><div class=\"contact-form\">\n<div class=\"wpcf7 no-js\" id=\"wpcf7-f17016-o1\" lang=\"en-US\" dir=\"ltr\" data-wpcf7-id=\"17016\">\n<div class=\"screen-reader-response\"><p role=\"status\" aria-live=\"polite\" aria-atomic=\"true\"><\/p> <ul><\/ul><\/div>\n<form action=\"\/index.php\/wp-json\/wp\/v2\/pages\/79940#wpcf7-f17016-o1\" method=\"post\" class=\"wpcf7-form init\" aria-label=\"Contact form\" novalidate=\"novalidate\" data-status=\"init\">\n<fieldset class=\"hidden-fields-container\"><input type=\"hidden\" name=\"_wpcf7\" value=\"17016\" \/><input type=\"hidden\" name=\"_wpcf7_version\" value=\"6.1.1\" \/><input type=\"hidden\" name=\"_wpcf7_locale\" value=\"en_US\" \/><input type=\"hidden\" name=\"_wpcf7_unit_tag\" value=\"wpcf7-f17016-o1\" \/><input type=\"hidden\" name=\"_wpcf7_container_post\" value=\"0\" \/><input type=\"hidden\" name=\"_wpcf7_posted_data_hash\" value=\"\" \/>\n<\/fieldset>\n<div class=\"row\">\n\t<div class=\"col-md-6\">\n\t\t<p><span class=\"wpcf7-form-control-wrap\" data-name=\"your-name\"><input size=\"40\" maxlength=\"400\" class=\"wpcf7-form-control wpcf7-text wpcf7-validates-as-required\" aria-required=\"true\" aria-invalid=\"false\" placeholder=\"Name *\" value=\"\" type=\"text\" name=\"your-name\" \/><\/span>\n\t\t<\/p>\n\t<\/div>\n\t<div class=\"col-md-6\">\n\t\t<p><span class=\"wpcf7-form-control-wrap\" data-name=\"tel-977\"><input size=\"40\" maxlength=\"400\" class=\"wpcf7-form-control wpcf7-tel wpcf7-validates-as-required wpcf7-text wpcf7-validates-as-tel\" aria-required=\"true\" aria-invalid=\"false\" placeholder=\"Phone\" value=\"\" type=\"tel\" name=\"tel-977\" \/><\/span>\n\t\t<\/p>\n\t<\/div>\n\t<div class=\"col-md-6\">\n\t\t<p><span class=\"wpcf7-form-control-wrap\" data-name=\"your-email\"><input size=\"40\" maxlength=\"400\" class=\"wpcf7-form-control wpcf7-email wpcf7-validates-as-required wpcf7-text wpcf7-validates-as-email\" aria-required=\"true\" aria-invalid=\"false\" placeholder=\"Email *\" value=\"\" type=\"email\" name=\"your-email\" \/><\/span>\n\t\t<\/p>\n\t<\/div>\n\t<div class=\"col-md-6\">\n\t\t<p><span class=\"wpcf7-form-control-wrap\" data-name=\"dob\"><input class=\"wpcf7-form-control wpcf7-date wpcf7-validates-as-required wpcf7-validates-as-date cus-dob\" aria-required=\"true\" aria-invalid=\"false\" placeholder=\"01\/01\/2023\" value=\"\" type=\"date\" name=\"dob\" \/><\/span>\n\t\t<\/p>\n\t<\/div>\n\t<div class=\"col-md-12\">\n\t\t<p><span class=\"wpcf7-form-control-wrap\" data-name=\"your-message\"><textarea cols=\"40\" rows=\"10\" maxlength=\"2000\" class=\"wpcf7-form-control wpcf7-textarea\" aria-invalid=\"false\" placeholder=\"Message\" name=\"your-message\"><\/textarea><\/span>\n\t\t<\/p>\n\t<\/div>\n\t<div class=\"col-md-12\">\n\t\t<p><input class=\"wpcf7-form-control wpcf7-submit has-spinner\" type=\"submit\" value=\"Send Message\" \/>\n\t\t<\/p>\n\t<\/div>\n<\/div><p style=\"display: none !important;\" class=\"akismet-fields-container\" data-prefix=\"_wpcf7_ak_\"><label>&#916;<textarea name=\"_wpcf7_ak_hp_textarea\" cols=\"45\" rows=\"8\" maxlength=\"100\"><\/textarea><\/label><input type=\"hidden\" id=\"ak_js_1\" name=\"_wpcf7_ak_js\" value=\"90\"\/><script>document.getElementById( \"ak_js_1\" ).setAttribute( \"value\", ( new Date() ).getTime() );<\/script><\/p><div class=\"wpcf7-response-output\" aria-hidden=\"true\"><\/div>\n<\/form>\n<\/div>\n<\/div><!-- .contact-form --><\/div><!-- .contact-form-wrapper -->\t\t\t\t<\/div>\n\t\t\t\t<\/div>\n\t\t\t\t<\/div>\n\t\t\t\t\t<\/div>\n\t\t\t\t<\/div>\n\t\t\t\t\t<\/div>\n\t\t\t\t<\/div>\n\t\t<div class=\"elementor-element elementor-element-303c6d15 elementor-hidden-desktop elementor-hidden-tablet elementor-hidden-mobile e-flex e-con-boxed text-reveal-no e-con e-parent\" data-id=\"303c6d15\" data-element_type=\"container\">\n\t\t\t\t\t<div class=\"e-con-inner\">\n\t\t<div class=\"elementor-element elementor-element-719044ab e-con-full e-flex text-reveal-no e-con e-child\" data-id=\"719044ab\" data-element_type=\"container\">\n\t\t\t\t<div class=\"elementor-element elementor-element-4c503382 bg-box cea-view-default elementor-widget elementor-widget-ceafeaturebox\" data-id=\"4c503382\" data-element_type=\"widget\" data-widget_type=\"ceafeaturebox.default\">\n\t\t\t\t<div class=\"elementor-widget-container feature-box-wrapper feature-box-default\">\n\t\t\t<div class=\"feature-box-inner\"><div class=\"cea-featured-icon\"><i aria-hidden=\"true\" class=\" bi-envelope-open\"><\/i><\/div><h4 class=\"feature-box-title\">E-Mail Us<\/h4><div class=\"fbox-content\"><a href=\"mailto:info@example.com\">info@example.com<\/a>\n<br>\n<a href=\"mailto:info@cheval.com\">info@cheval.com<\/a><\/div><\/div>\t\t<\/div>\n\t\t\t\t<\/div>\n\t\t\t\t<\/div>\n\t\t<div class=\"elementor-element elementor-element-35839072 e-con-full e-flex text-reveal-no e-con e-child\" data-id=\"35839072\" data-element_type=\"container\">\n\t\t\t\t<div class=\"elementor-element elementor-element-5c903b2 bg-box cea-view-default elementor-widget elementor-widget-ceafeaturebox\" data-id=\"5c903b2\" data-element_type=\"widget\" data-widget_type=\"ceafeaturebox.default\">\n\t\t\t\t<div class=\"elementor-widget-container feature-box-wrapper feature-box-default\">\n\t\t\t<div class=\"feature-box-inner\"><div class=\"cea-featured-icon\"><i aria-hidden=\"true\" class=\" bi-pin-map\"><\/i><\/div><h4 class=\"feature-box-title\"> Our Location<\/h4><div class=\"fbox-content\">5120 SW 208th Ln, Southwest Ranches<\/div><\/div>\t\t<\/div>\n\t\t\t\t<\/div>\n\t\t\t\t<\/div>\n\t\t<div class=\"elementor-element elementor-element-626f18a0 e-con-full e-flex text-reveal-no e-con e-child\" data-id=\"626f18a0\" data-element_type=\"container\">\n\t\t\t\t<div class=\"elementor-element elementor-element-1a535f4f bg-box cea-view-default elementor-widget elementor-widget-ceafeaturebox\" data-id=\"1a535f4f\" data-element_type=\"widget\" data-widget_type=\"ceafeaturebox.default\">\n\t\t\t\t<div class=\"elementor-widget-container feature-box-wrapper feature-box-default\">\n\t\t\t<div class=\"feature-box-inner\"><div class=\"cea-featured-icon\"><i aria-hidden=\"true\" class=\" bi-phone-flip\"><\/i><\/div><h4 class=\"feature-box-title\"> Call us 24\/7<\/h4><div class=\"fbox-content\"><a href=\"tel:(+55)654-545-5418\">(+55) 654 - 545 - 5418<\/a>\n<br>\n<a href=\"tel:(+55)654-545-1235\">(+55) 654 - 545 - 1235<\/a><\/div><\/div>\t\t<\/div>\n\t\t\t\t<\/div>\n\t\t\t\t<\/div>\n\t\t\t\t\t<\/div>\n\t\t\t\t<\/div>\n\t\t<div class=\"elementor-element elementor-element-1af320b9 elementor-hidden-desktop elementor-hidden-tablet elementor-hidden-mobile e-flex e-con-boxed text-reveal-no e-con e-parent\" data-id=\"1af320b9\" data-element_type=\"container\" data-settings=\"{&quot;background_background&quot;:&quot;classic&quot;}\">\n\t\t\t\t\t<div class=\"e-con-inner\">\n\t\t<div class=\"elementor-element elementor-element-3edeab45 e-con-full e-flex text-reveal-no e-con e-child\" data-id=\"3edeab45\" data-element_type=\"container\">\n\t\t\t\t<div class=\"elementor-element elementor-element-26fc02f1 elementor-widget elementor-widget-ceasectiontitle\" data-id=\"26fc02f1\" data-element_type=\"widget\" data-widget_type=\"ceasectiontitle.default\">\n\t\t\t\t<div class=\"elementor-widget-container\">\n\t\t\t\t\t<div class=\"section-title-wrapper\"><div class=\"title-wrap\"><div class=\"sub-title\"><span class=\"subtitle-dots \" >join today<\/span><\/div><h3 class=\"section-title none\" data-animation=\"none\">Happy to Answer all Your Questions<\/h3><\/div><!-- .title-wrap --><div class=\"section-description\"><p class=\"section-content\">Lorem Ipsum is simply dummy text of the printing and type industry. Lorem Ipsum has been the industry's standard dummy text ever, when an unknown printer took and scrambled.<\/p><\/div><!-- .section-description --><\/div><!-- .section-title-wrapper -->\t\t\t\t<\/div>\n\t\t\t\t<\/div>\n\t\t\t\t<div class=\"elementor-element elementor-element-31a1c17e bg-box cea-view-default elementor-widget elementor-widget-ceafeaturebox\" data-id=\"31a1c17e\" data-element_type=\"widget\" data-widget_type=\"ceafeaturebox.default\">\n\t\t\t\t<div class=\"elementor-widget-container feature-box-wrapper feature-box-default\">\n\t\t\t<div class=\"feature-box-inner\"><div class=\"cea-featured-icon\"><i aria-hidden=\"true\" class=\" bi-calendar2-check\"><\/i><\/div><h4 class=\"feature-box-title\">Working Days<\/h4><div class=\"fbox-content\"><div class=\"custom-footertop-widget ft-widget-2\">\n<div class=\"footer-media-part\">\n<div class=\"media-icon-part\">\n<h4 class=\"title-txt mb-3\"><\/h4>\n<\/div>\n<div class=\"media-body\">\n<div class=\"contact-content\">\n<p class=\"contact-time\">Mon-sat : <span  class=\"contact-time-color\">10 AM - 8 PM<\/span><\/p>\n<p class=\"contact-time\">Sun : <span class=\"contact-time-color\">Off - Day<\/span><\/p>\n<\/div>\n<\/div>\n<\/div>\n<\/div><\/div><\/div>\t\t<\/div>\n\t\t\t\t<\/div>\n\t\t\t\t<\/div>\n\t\t<div class=\"elementor-element elementor-element-b0ed84b e-con-full e-flex text-reveal-no e-con e-child\" data-id=\"b0ed84b\" data-element_type=\"container\" data-settings=\"{&quot;background_background&quot;:&quot;classic&quot;}\">\n\t\t<div class=\"elementor-element elementor-element-2abb43d6 e-con-full e-flex text-reveal-no e-con e-child\" data-id=\"2abb43d6\" data-element_type=\"container\" data-settings=\"{&quot;background_background&quot;:&quot;classic&quot;}\">\n\t\t\t\t<div class=\"elementor-element elementor-element-b46065e cea-align-left cea-tablet-align-center elementor-widget elementor-widget-ceasectiontitle\" data-id=\"b46065e\" data-element_type=\"widget\" data-widget_type=\"ceasectiontitle.default\">\n\t\t\t\t<div class=\"elementor-widget-container\">\n\t\t\t\t\t<div class=\"section-title-wrapper\"><div class=\"title-wrap\"><h3 class=\"section-title none\" data-animation=\"none\">Send us a Message<\/h3><\/div><!-- .title-wrap --><div class=\"section-description\"><\/div><!-- .section-description --><\/div><!-- .section-title-wrapper -->\t\t\t\t<\/div>\n\t\t\t\t<\/div>\n\t\t\t\t<div class=\"elementor-element elementor-element-1f1706fd elementor-widget elementor-widget-contactform\" data-id=\"1f1706fd\" data-element_type=\"widget\" data-widget_type=\"contactform.default\">\n\t\t\t\t<div class=\"elementor-widget-container\">\n\t\t\t\t\t<div class=\"contact-form-wrapper cf-style-modern\"><div class=\"contact-form\">\n<div class=\"wpcf7 no-js\" id=\"wpcf7-f17016-o2\" lang=\"en-US\" dir=\"ltr\" data-wpcf7-id=\"17016\">\n<div class=\"screen-reader-response\"><p role=\"status\" aria-live=\"polite\" aria-atomic=\"true\"><\/p> <ul><\/ul><\/div>\n<form action=\"\/index.php\/wp-json\/wp\/v2\/pages\/79940#wpcf7-f17016-o2\" method=\"post\" class=\"wpcf7-form init\" aria-label=\"Contact form\" novalidate=\"novalidate\" data-status=\"init\">\n<fieldset class=\"hidden-fields-container\"><input type=\"hidden\" name=\"_wpcf7\" value=\"17016\" \/><input type=\"hidden\" name=\"_wpcf7_version\" value=\"6.1.1\" \/><input type=\"hidden\" name=\"_wpcf7_locale\" value=\"en_US\" \/><input type=\"hidden\" name=\"_wpcf7_unit_tag\" value=\"wpcf7-f17016-o2\" \/><input type=\"hidden\" name=\"_wpcf7_container_post\" value=\"0\" \/><input type=\"hidden\" name=\"_wpcf7_posted_data_hash\" value=\"\" \/>\n<\/fieldset>\n<div class=\"row\">\n\t<div class=\"col-md-6\">\n\t\t<p><span class=\"wpcf7-form-control-wrap\" data-name=\"your-name\"><input size=\"40\" maxlength=\"400\" class=\"wpcf7-form-control wpcf7-text wpcf7-validates-as-required\" aria-required=\"true\" aria-invalid=\"false\" placeholder=\"Name *\" value=\"\" type=\"text\" name=\"your-name\" \/><\/span>\n\t\t<\/p>\n\t<\/div>\n\t<div class=\"col-md-6\">\n\t\t<p><span class=\"wpcf7-form-control-wrap\" data-name=\"tel-977\"><input size=\"40\" maxlength=\"400\" class=\"wpcf7-form-control wpcf7-tel wpcf7-validates-as-required wpcf7-text wpcf7-validates-as-tel\" aria-required=\"true\" aria-invalid=\"false\" placeholder=\"Phone\" value=\"\" type=\"tel\" name=\"tel-977\" \/><\/span>\n\t\t<\/p>\n\t<\/div>\n\t<div class=\"col-md-6\">\n\t\t<p><span class=\"wpcf7-form-control-wrap\" data-name=\"your-email\"><input size=\"40\" maxlength=\"400\" class=\"wpcf7-form-control wpcf7-email wpcf7-validates-as-required wpcf7-text wpcf7-validates-as-email\" aria-required=\"true\" aria-invalid=\"false\" placeholder=\"Email *\" value=\"\" type=\"email\" name=\"your-email\" \/><\/span>\n\t\t<\/p>\n\t<\/div>\n\t<div class=\"col-md-6\">\n\t\t<p><span class=\"wpcf7-form-control-wrap\" data-name=\"dob\"><input class=\"wpcf7-form-control wpcf7-date wpcf7-validates-as-required wpcf7-validates-as-date cus-dob\" aria-required=\"true\" aria-invalid=\"false\" placeholder=\"01\/01\/2023\" value=\"\" type=\"date\" name=\"dob\" \/><\/span>\n\t\t<\/p>\n\t<\/div>\n\t<div class=\"col-md-12\">\n\t\t<p><span class=\"wpcf7-form-control-wrap\" data-name=\"your-message\"><textarea cols=\"40\" rows=\"10\" maxlength=\"2000\" class=\"wpcf7-form-control wpcf7-textarea\" aria-invalid=\"false\" placeholder=\"Message\" name=\"your-message\"><\/textarea><\/span>\n\t\t<\/p>\n\t<\/div>\n\t<div class=\"col-md-12\">\n\t\t<p><input class=\"wpcf7-form-control wpcf7-submit has-spinner\" type=\"submit\" value=\"Send Message\" \/>\n\t\t<\/p>\n\t<\/div>\n<\/div><p style=\"display: none !important;\" class=\"akismet-fields-container\" data-prefix=\"_wpcf7_ak_\"><label>&#916;<textarea name=\"_wpcf7_ak_hp_textarea\" cols=\"45\" rows=\"8\" maxlength=\"100\"><\/textarea><\/label><input type=\"hidden\" id=\"ak_js_2\" name=\"_wpcf7_ak_js\" value=\"66\"\/><script>document.getElementById( \"ak_js_2\" ).setAttribute( \"value\", ( new Date() ).getTime() );<\/script><\/p><div class=\"wpcf7-response-output\" aria-hidden=\"true\"><\/div>\n<\/form>\n<\/div>\n<\/div><!-- .contact-form --><\/div><!-- .contact-form-wrapper -->\t\t\t\t<\/div>\n\t\t\t\t<\/div>\n\t\t\t\t<\/div>\n\t\t\t\t<\/div>\n\t\t\t\t\t<\/div>\n\t\t\t\t<\/div>\n\t\t\t\t<\/div>\n\t\t","protected":false},"excerpt":{"rendered":"<p>Cont\u00e1ctanos Informaci\u00f3n de Contacto Si deseas m\u00e1s informaci\u00f3n sobre nuestros ejemplares, servicios o colaboraciones, estaremos encantados de atenderte.\u00a0 E-Mail support@cheval.com info@cheval.com Ubicaci\u00f3n Finca Las Yeguas, Canal Principal..<\/p>\n","protected":false},"author":1,"featured_media":0,"parent":0,"menu_order":0,"comment_status":"closed","ping_status":"closed","template":"","meta":{"footnotes":""},"class_list":["post-79940","page","type-page","status-publish","hentry"],"_links":{"self":[{"href":"https:\/\/yeguadaborrego.es\/index.php\/wp-json\/wp\/v2\/pages\/79940","targetHints":{"allow":["GET"]}}],"collection":[{"href":"https:\/\/yeguadaborrego.es\/index.php\/wp-json\/wp\/v2\/pages"}],"about":[{"href":"https:\/\/yeguadaborrego.es\/index.php\/wp-json\/wp\/v2\/types\/page"}],"author":[{"embeddable":true,"href":"https:\/\/yeguadaborrego.es\/index.php\/wp-json\/wp\/v2\/users\/1"}],"replies":[{"embeddable":true,"href":"https:\/\/yeguadaborrego.es\/index.php\/wp-json\/wp\/v2\/comments?post=79940"}],"version-history":[{"count":7,"href":"https:\/\/yeguadaborrego.es\/index.php\/wp-json\/wp\/v2\/pages\/79940\/revisions"}],"predecessor-version":[{"id":81238,"href":"https:\/\/yeguadaborrego.es\/index.php\/wp-json\/wp\/v2\/pages\/79940\/revisions\/81238"}],"wp:attachment":[{"href":"https:\/\/yeguadaborrego.es\/index.php\/wp-json\/wp\/v2\/media?parent=79940"}],"curies":[{"name":"wp","href":"https:\/\/api.w.org\/{rel}","templated":true}]}}